{"id":1773,"date":"2016-12-17T15:52:42","date_gmt":"2016-12-17T14:52:42","guid":{"rendered":"http:\/\/dev.pixelburst.net\/saturn\/wp\/?page_id=1773"},"modified":"2017-12-02T01:40:33","modified_gmt":"2017-12-02T01:40:33","slug":"somos","status":"publish","type":"page","link":"https:\/\/cuatro32.com\/?page_id=1773","title":{"rendered":"Quienes Somos"},"content":{"rendered":"<p>[vc_section css=&#8221;.vc_custom_1482001824942{margin-bottom: 120px !important;}&#8221;][vc_row bg=&#8221;color&#8221; content_placement=&#8221;middle&#8221; parallax=&#8221;content-moving&#8221; parallax_image=&#8221;1577&#8243; css=&#8221;.vc_custom_1483480370508{padding-top: 240px !important;padding-bottom: 180px !important;}&#8221; overlay=&#8221;rgba(34,34,34,0.9)&#8221; padd_top=&#8221;260&#8243; padd_bott=&#8221;90&#8243; color=&#8221;#0a0a0a&#8221;][vc_column txt_align=&#8221;pb-txt-center&#8221;]<div class=\"pb-hero pb-font-m pb-font-bold pb-txt-upp pb-letter-1 pb-txt-center  pb-animate pb-animated \" style=\"color: #ffffff\" data-animation=\"pb-fade-in-down\">Quienes Somos<\/div><div class=\"pb-space \" style=\"margin-bottom: 30px\"><\/div>\n\n            <div class=\"pb-btn  pb-radius pb-btn-m pb-btn-1 pb-animate pb-animated \" data-animation=\"pb-fade-in-up\">\n                <a target=\"_self\" href=\"https:\/\/cuatro32.com\/home\/contact-us\/\">ESCR\u00cdBENOS<i class=\"icon-l-pencil\"><\/i><\/a><\/div>[\/vc_column][\/vc_row][\/vc_section][vc_section el_id=&#8221;down&#8221;][vc_row bg=&#8221;color&#8221; brd_style=&#8221;solid&#8221; no_gap=&#8221;true&#8221; content_placement=&#8221;middle&#8221; brd_bott=&#8221;1&#8243; brd_color=&#8221;#f0f0f0&#8243; color=&#8221;#fcfcfc&#8221;][vc_column width=&#8221;1\/4&#8243;][\/vc_column][vc_column width=&#8221;1\/2&#8243; width_l=&#8221;pb-col-l-12&#8243; animation=&#8221;pb-fade-in-right&#8221; animated=&#8221;true&#8221; class_inner=&#8221;vc_padd-r-120 vc_padd-l-120 vc_padd-t-180 vc_padd-b-180 &#8221; padd_top=&#8221;120&#8243; padd_bott=&#8221;120&#8243; padd_left=&#8221;120&#8243; padd_right=&#8221;120&#8243;]\n\n            <div class=\"pb-heading   \" data-animation=\"\"><div class=\"pb-title pb-txt-upp pb-font-bold pb-font-m \" style=\"color: #000000\">Somos<\/div><\/div><div class=\"pb-space \" style=\"margin-bottom: 20px\"><\/div>[vc_column_text css=&#8221;.vc_custom_1481538162205{margin-top: 30px !important;margin-bottom: 30px !important;}&#8221;]<span style=\"color: #000000;\">Studio 432 es una empresa de producci\u00f3n audiovisual fundada en Ciudad de Guatemala. Estamos a la vanguardia con la soluciones multimedia innovadoras, superando las expectativas de nuestros clientes en toda la regi\u00f3n.<\/span><\/p>\n<p>&nbsp;<\/p>\n<p><span style=\"color: #000000;\">Con cobertura en Centro Am\u00e9rica, Panam\u00e1, Rep\u00fablica Dominicana y Estados Unidos.<\/span>[\/vc_column_text]<div class=\"pb-space \" style=\"margin-bottom: 30px\"><\/div>[\/vc_column][vc_column width=&#8221;1\/4&#8243;][\/vc_column][\/vc_row][\/vc_section]<\/p>\n","protected":false},"excerpt":{"rendered":"<p>[vc_section css=&#8221;.vc_custom_1482001824942{margin-bottom: 120px !important;}&#8221;][vc_row bg=&#8221;color&#8221; content_placement=&#8221;middle&#8221; parallax=&#8221;content-moving&#8221; parallax_image=&#8221;1577&#8243; css=&#8221;.vc_custom_1483480370508{padding-top: 240px !important;padding-bottom: 180px !important;}&#8221; overlay=&#8221;rgba(34,34,34,0.9)&#8221; padd_top=&#8221;260&#8243; padd_bott=&#8221;90&#8243; color=&#8221;#0a0a0a&#8221;][vc_column txt_align=&#8221;pb-txt-center&#8221;][\/vc_column][\/vc_row][\/vc_section][vc_section el_id=&#8221;down&#8221;][vc_row bg=&#8221;color&#8221; brd_style=&#8221;solid&#8221; no_gap=&#8221;true&#8221; content_placement=&#8221;middle&#8221; brd_bott=&#8221;1&#8243; brd_color=&#8221;#f0f0f0&#8243; color=&#8221;#fcfcfc&#8221;][vc_column width=&#8221;1\/4&#8243;][\/vc_column][vc_column width=&#8221;1\/2&#8243; width_l=&#8221;pb-col-l-12&#8243; animation=&#8221;pb-fade-in-right&#8221; [&hellip;]<\/p>\n","protected":false},"author":2,"featured_media":0,"parent":0,"menu_order":0,"comment_status":"closed","ping_status":"closed","template":"page-composer.php","meta":{"footnotes":""},"_links":{"self":[{"href":"https:\/\/cuatro32.com\/index.php?rest_route=\/wp\/v2\/pages\/1773"}],"collection":[{"href":"https:\/\/cuatro32.com\/index.php?rest_route=\/wp\/v2\/pages"}],"about":[{"href":"https:\/\/cuatro32.com\/index.php?rest_route=\/wp\/v2\/types\/page"}],"author":[{"embeddable":true,"href":"https:\/\/cuatro32.com\/index.php?rest_route=\/wp\/v2\/users\/2"}],"replies":[{"embeddable":true,"href":"https:\/\/cuatro32.com\/index.php?rest_route=%2Fwp%2Fv2%2Fcomments&post=1773"}],"version-history":[{"count":0,"href":"https:\/\/cuatro32.com\/index.php?rest_route=\/wp\/v2\/pages\/1773\/revisions"}],"wp:attachment":[{"href":"https:\/\/cuatro32.com\/index.php?rest_route=%2Fwp%2Fv2%2Fmedia&parent=1773"}],"curies":[{"name":"wp","href":"https:\/\/api.w.org\/{rel}","templated":true}]}}