{"id":1796,"date":"2016-12-17T20:00:31","date_gmt":"2016-12-17T19:00:31","guid":{"rendered":"http:\/\/dev.pixelburst.net\/saturn\/wp\/?page_id=1796"},"modified":"2017-12-02T01:27:26","modified_gmt":"2017-12-02T01:27:26","slug":"contact-us","status":"publish","type":"page","link":"https:\/\/cuatro32.com\/?page_id=1796","title":{"rendered":"Cont\u00e1ctenos"},"content":{"rendered":"<p>[vc_section css=&#8221;.vc_custom_1482001824942{margin-bottom: 120px !important;}&#8221;][vc_row bg=&#8221;color&#8221; content_placement=&#8221;middle&#8221; parallax=&#8221;content-moving&#8221; parallax_image=&#8221;1577&#8243; css=&#8221;.vc_custom_1483480370508{padding-top: 240px !important;padding-bottom: 180px !important;}&#8221; overlay=&#8221;rgba(34,34,34,0.9)&#8221; padd_top=&#8221;260&#8243; padd_bott=&#8221;90&#8243; color=&#8221;#0a0a0a&#8221;][vc_column txt_align=&#8221;pb-txt-center&#8221;]<div class=\"pb-hero pb-font-m pb-font-bold pb-txt-upp pb-letter-1 pb-txt-center  pb-animate pb-animated \" style=\"color: #ffffff\" data-animation=\"pb-fade-in-down\">Cont\u00e1ctenos<\/div><div class=\"pb-space \" style=\"margin-bottom: 30px\"><\/div>\n\n            <div class=\"pb-btn  pb-radius pb-btn-m pb-btn-1 pb-animate pb-animated \" data-animation=\"pb-fade-in-up\">\n                <span data-speed=\"1000\" data-offset=\"60\" data-scroll-to=\"#down\">Escr\u00edbenos <i class=\"icon-l-pencil\"><\/i><\/span><\/div>[\/vc_column][\/vc_row][\/vc_section][vc_section el_id=&#8221;down&#8221;][vc_row brd_style=&#8221;solid&#8221; boxed=&#8221;true&#8221; brd_top=&#8221;1&#8243; brd_color=&#8221;#f0f0f0&#8243; marg_bott=&#8221;120&#8243;][vc_column txt_align=&#8221;pb-txt-center&#8221; css=&#8221;.vc_custom_1482001799345{margin-bottom: 60px !important;}&#8221; marg_top=&#8221;120&#8243; marg_bott=&#8221;120&#8243;]\n\n            <div class=\"pb-heading   \" data-animation=\"\"><div class=\"pb-title pb-txt-upp pb-font-bold pb-font-l \" style=\"color: #222222\">Formulario de Contacto <\/div><div class=\"pb-exc\" style=\"color: #777\">Complete los campos a continuaci\u00f3n para obtener m\u00e1s informaci\u00f3n<\/div><\/div>[\/vc_column][vc_column animation=&#8221;pb-fade-in&#8221; animated=&#8221;true&#8221; css=&#8221;.vc_custom_1482001735534{padding-top: 120px !important;padding-bottom: 120px !important;}&#8221;]\n<div class=\"wpcf7 no-js\" id=\"wpcf7-f3794-o1\" lang=\"en-US\" dir=\"ltr\">\n<div class=\"screen-reader-response\"><p role=\"status\" aria-live=\"polite\" aria-atomic=\"true\"><\/p> <ul><\/ul><\/div>\n<form action=\"\/index.php?rest_route=%2Fwp%2Fv2%2Fpages%2F1796#wpcf7-f3794-o1\" method=\"post\" class=\"wpcf7-form init\" aria-label=\"Contact form\" novalidate=\"novalidate\" data-status=\"init\">\n<div style=\"display: none;\">\n<input type=\"hidden\" name=\"_wpcf7\" value=\"3794\" \/>\n<input type=\"hidden\" name=\"_wpcf7_version\" value=\"5.9.6\" \/>\n<input type=\"hidden\" name=\"_wpcf7_locale\" value=\"en_US\" \/>\n<input type=\"hidden\" name=\"_wpcf7_unit_tag\" value=\"wpcf7-f3794-o1\" \/>\n<input type=\"hidden\" name=\"_wpcf7_container_post\" value=\"0\" \/>\n<input type=\"hidden\" name=\"_wpcf7_posted_data_hash\" value=\"\" \/>\n<\/div>\n<p><label> Tu nombre (required)<br \/>\n<span class=\"wpcf7-form-control-wrap\" data-name=\"your-name\"><input size=\"40\" maxlength=\"80\" class=\"wpcf7-form-control wpcf7-text wpcf7-validates-as-required\" aria-required=\"true\" aria-invalid=\"false\" value=\"\" type=\"text\" name=\"your-name\" \/><\/span> <\/label>\n<\/p>\n<p><label> Email (required)<br \/>\n<span class=\"wpcf7-form-control-wrap\" data-name=\"your-email\"><input size=\"40\" maxlength=\"80\" class=\"wpcf7-form-control wpcf7-email wpcf7-validates-as-required wpcf7-text wpcf7-validates-as-email\" aria-required=\"true\" aria-invalid=\"false\" value=\"\" type=\"email\" name=\"your-email\" \/><\/span> <\/label>\n<\/p>\n<p><label> Tema<br \/>\n<span class=\"wpcf7-form-control-wrap\" data-name=\"your-subject\"><input size=\"40\" maxlength=\"80\" class=\"wpcf7-form-control wpcf7-text\" aria-invalid=\"false\" value=\"\" type=\"text\" name=\"your-subject\" \/><\/span> <\/label>\n<\/p>\n<p><label> Tu mensaje<br \/>\n<span class=\"wpcf7-form-control-wrap\" data-name=\"your-message\"><textarea cols=\"40\" rows=\"10\" maxlength=\"400\" class=\"wpcf7-form-control wpcf7-textarea\" aria-invalid=\"false\" name=\"your-message\"><\/textarea><\/span> <\/label>\n<\/p>\n<p><input class=\"wpcf7-form-control wpcf7-submit has-spinner\" type=\"submit\" value=\"Send\" \/>\n<\/p><p style=\"display: none !important;\" class=\"akismet-fields-container\" data-prefix=\"_wpcf7_ak_\"><label>&#916;<textarea name=\"_wpcf7_ak_hp_textarea\" cols=\"45\" rows=\"8\" maxlength=\"100\"><\/textarea><\/label><input type=\"hidden\" id=\"ak_js_1\" name=\"_wpcf7_ak_js\" value=\"245\"\/><script>document.getElementById( \"ak_js_1\" ).setAttribute( \"value\", ( new Date() ).getTime() );<\/script><\/p><div class=\"wpcf7-response-output\" aria-hidden=\"true\"><\/div>\n<\/form>\n<\/div>\n[\/vc_column][\/vc_row][\/vc_section]<\/p>\n","protected":false},"excerpt":{"rendered":"<p>[vc_section css=&#8221;.vc_custom_1482001824942{margin-bottom: 120px !important;}&#8221;][vc_row bg=&#8221;color&#8221; content_placement=&#8221;middle&#8221; parallax=&#8221;content-moving&#8221; parallax_image=&#8221;1577&#8243; css=&#8221;.vc_custom_1483480370508{padding-top: 240px !important;padding-bottom: 180px !important;}&#8221; overlay=&#8221;rgba(34,34,34,0.9)&#8221; padd_top=&#8221;260&#8243; padd_bott=&#8221;90&#8243; color=&#8221;#0a0a0a&#8221;][vc_column txt_align=&#8221;pb-txt-center&#8221;][\/vc_column][\/vc_row][\/vc_section][vc_section el_id=&#8221;down&#8221;][vc_row brd_style=&#8221;solid&#8221; boxed=&#8221;true&#8221; brd_top=&#8221;1&#8243; brd_color=&#8221;#f0f0f0&#8243; marg_bott=&#8221;120&#8243;][vc_column txt_align=&#8221;pb-txt-center&#8221; css=&#8221;.vc_custom_1482001799345{margin-bottom: 60px !important;}&#8221; marg_top=&#8221;120&#8243; marg_bott=&#8221;120&#8243;][\/vc_column][vc_column [&hellip;]<\/p>\n","protected":false},"author":2,"featured_media":0,"parent":0,"menu_order":0,"comment_status":"closed","ping_status":"closed","template":"page-composer.php","meta":{"footnotes":""},"_links":{"self":[{"href":"https:\/\/cuatro32.com\/index.php?rest_route=\/wp\/v2\/pages\/1796"}],"collection":[{"href":"https:\/\/cuatro32.com\/index.php?rest_route=\/wp\/v2\/pages"}],"about":[{"href":"https:\/\/cuatro32.com\/index.php?rest_route=\/wp\/v2\/types\/page"}],"author":[{"embeddable":true,"href":"https:\/\/cuatro32.com\/index.php?rest_route=\/wp\/v2\/users\/2"}],"replies":[{"embeddable":true,"href":"https:\/\/cuatro32.com\/index.php?rest_route=%2Fwp%2Fv2%2Fcomments&post=1796"}],"version-history":[{"count":0,"href":"https:\/\/cuatro32.com\/index.php?rest_route=\/wp\/v2\/pages\/1796\/revisions"}],"wp:attachment":[{"href":"https:\/\/cuatro32.com\/index.php?rest_route=%2Fwp%2Fv2%2Fmedia&parent=1796"}],"curies":[{"name":"wp","href":"https:\/\/api.w.org\/{rel}","templated":true}]}}